{"id":3,"date":"2024-06-11T10:00:27","date_gmt":"2024-06-11T10:00:27","guid":{"rendered":"https:\/\/studio.eklozia.fr\/JVD\/?page_id=3"},"modified":"2024-12-20T14:03:26","modified_gmt":"2024-12-20T14:03:26","slug":"mentions-legales-confidentialite","status":"publish","type":"page","link":"https:\/\/studio.eklozia.fr\/JVD\/mentions-legales-confidentialite\/","title":{"rendered":"Mentions l\u00e9gales et politique de confidentialit\u00e9"},"content":{"rendered":"\n<div class=\"wp-block-uagb-container uagb-block-d074255c alignfull uagb-is-root-container\"><div class=\"uagb-container-inner-blocks-wrap\">\n<div class=\"wp-block-uagb-advanced-heading uagb-block-eaaaeb64\"><h1 class=\"uagb-heading-text\">Mentions l\u00e9gales &amp; Confidentialit\u00e9<\/h1><\/div>\n<\/div><\/div>\n\n\n\n<div class=\"wp-block-uagb-container uagb-block-f005db36 alignfull uagb-is-root-container\"><div class=\"uagb-container-inner-blocks-wrap\">\n<h2 class=\"wp-block-heading has-text-align-center\">Mentions l\u00e9gales<\/h2>\n<\/div><\/div>\n\n\n\n<div class=\"wp-block-uagb-container uagb-block-817f5bb5 alignfull uagb-is-root-container\"><div class=\"uagb-container-inner-blocks-wrap\">\n<div class=\"wp-block-uagb-container uagb-block-bf131828\">\n<p><strong>Directrice de la publication :<\/strong> Jacqueline Vuillier-Devillers<br><strong>Raison sociale :<\/strong> Jacqueline Vuillier-Devillers<br><strong>Si\u00e8ge social :<\/strong> 3, lieu dit Sous Charmont, 25380 Chamesey<br><strong>Num\u00e9ro de SIREN :<\/strong> 503996332<\/p>\n\n\n\n<p><strong>R\u00e9alisation :<\/strong> Studio Web Eklozia<br><strong>Cr\u00e9dits Photo :<\/strong> \u00a9 Jacqueline Vuillier-Devillers<\/p>\n\n\n\n<p><strong>H\u00e9bergeur : <\/strong>O2Switch,<strong> <\/strong>Chemin des Pardiaux, 63000 Clermont-Ferrand, Siret 510 909 80700032, RCS Clermont Ferrand.<\/p>\n\n\n\n<p><strong>Sp\u00e9cificit\u00e9s techniques<\/strong><br>Le site www.vuillier-devillers.com a \u00e9t\u00e9 r\u00e9alis\u00e9 par le studio Eklozia avec le CMS WordPress. Il est optimis\u00e9 pour un affichage sur Firefox, Chrome et Opera. Pour naviguer de la mani\u00e8re la plus satisfaisante, il est recommand\u00e9 d\u2019avoir un navigateur \u00e0 jour.<\/p>\n<\/div>\n\n\n\n<div class=\"wp-block-uagb-container uagb-block-106d5508\">\n<p><strong>Propri\u00e9t\u00e9 intellectuelle<\/strong><br>Toute reproduction ou repr\u00e9sentation int\u00e9grale ou partielle, par quelque proc\u00e9d\u00e9 que ce soit, sans le consentement pr\u00e9alable de l\u2019\u00e9diteur, des textes ou images publi\u00e9es sur ce site est illicite et constitue une contrefa\u00e7on en application de l\u2019article L 335-3 du Code de la propri\u00e9t\u00e9 intellectuelle. L\u2019article L335-2 dudit Code punit la contrefa\u00e7on de trois ans d\u2019emprisonnement et de 300 000 euros d\u2019amende et pr\u00e9voit que lorsque les d\u00e9lits pr\u00e9vus par le pr\u00e9sent article ont \u00e9t\u00e9 commis en bande organis\u00e9e, les peines sont port\u00e9es \u00e0 cinq ans d\u2019emprisonnement et \u00e0 500 000 euros d\u2019amende, sans pr\u00e9judice des dommages int\u00e9r\u00eats susceptibles d\u2019\u00eatre attribu\u00e9s aux auteurs et \u00e0 l\u2019\u00e9diteur.<\/p>\n<\/div>\n<\/div><\/div>\n\n\n\n<div id=\"confidentialite\" class=\"wp-block-uagb-container uagb-block-2feaf356 alignfull uagb-is-root-container\"><div class=\"uagb-container-inner-blocks-wrap\">\n<h2 class=\"wp-block-heading has-text-align-center\">Politique de Confidentialit\u00e9<\/h2>\n<\/div><\/div>\n\n\n\n<div class=\"wp-block-uagb-container uagb-block-bb39af62 alignfull uagb-is-root-container\"><div class=\"uagb-container-inner-blocks-wrap\">\n<div class=\"wp-block-uagb-container uagb-block-d419f112\">\n<h3 class=\"wp-block-heading\">Information g\u00e9n\u00e9rale sur les cookies<\/h3>\n\n\n\n<p>Ce site utilise des cookies, soit des petits fichiers conserv\u00e9s sur votre appareil num\u00e9rique et r\u00e9utilis\u00e9s lors de vos prochaines visites, afin d\u2019am\u00e9liorer votre exp\u00e9rience utilisateur. Sachez qu\u2019il est possible de supprimer les cookies depuis votre navigateur. Selon le navigateur utilis\u00e9, il vous est m\u00eame possible de programmer leur destruction apr\u00e8s chaque session d\u2019utilisation et\/ou de refuser l\u2019utilisation de cookies et de cookies tiers.<\/p>\n\n\n\n<h3 class=\"wp-block-heading\">Cookies utilis\u00e9s par le site<\/h3>\n\n\n\n<p>Ce site utilise plusieurs types de cookies, qu\u2019il est possible de d\u00e9sactiver ou de refuser depuis votre navigateur. Aucun de ces cookies ne stocke de donn\u00e9es personnelles.<\/p>\n\n\n\n<h3 class=\"wp-block-heading\">Cookies tiers<\/h3>\n\n\n\n<p>Des services tiers employ\u00e9s sur le site utilisent \u00e9galement des cookies pour fonctionner : ce sont g\u00e9n\u00e9ralement des m\u00e9dias (sons, vid\u00e9os\u2026) diffus\u00e9s sur le site via les services tiers pr\u00e9cit\u00e9s.<br>Il convient dans ce cas de vous rapporter aux politiques de confidentialit\u00e9 de ces services et \u00e9diteurs.<\/p>\n<\/div>\n\n\n\n<div class=\"wp-block-uagb-container uagb-block-b4b755e4\">\n<h3 class=\"wp-block-heading\">Politique de protection de vos donn\u00e9es personnelles<\/h3>\n\n\n\n<p>Jacqueline Vuillier-Devillers r\u00e9colte et traite plusieurs donn\u00e9es personnelles pour r\u00e9pondre \u00e0 vos demandes et vous contacter dans le cadre d\u2019une \u00e9ventuelle relation commerciale.<br>Nous avons d\u00e9sign\u00e9 un D\u00e9l\u00e9gu\u00e9 \u00e0 la Protection des Donn\u00e9es (DPO : Data Protection Officer), joignable par le formulaire de la page Contact.<\/p>\n\n\n\n<h3 class=\"wp-block-heading\">Collecte des donn\u00e9es et finalit\u00e9s de leur traitement<\/h3>\n\n\n\n<p>Jacqueline Vuillier-Devillers collecte des donn\u00e9es dans le formulaire de la page \u201cContact\u201d, pour permettre de vous contacter, afin de r\u00e9pondre \u00e0 vos questions, de vous proposer des offres r\u00e9pondant \u00e0 votre demande et dans le cadre de l\u2019\u00e9ventuelle relation commerciale qui s\u2019ensuivra. Ces donn\u00e9es sont conserv\u00e9es pendant 3 ans \u00e0 compter de la cessation de tous \u00e9changes ou manifestations de votre part.<\/p>\n\n\n\n<h3 class=\"wp-block-heading\">Droit d\u2019acc\u00e8s, de rectification ou d\u2019effacement de vos donn\u00e9es personnelles<\/h3>\n\n\n\n<p>Pour acc\u00e9der \u00e0 vos donn\u00e9es personnelles, ou pour toute modification, rectification, opposition ou suppression, veuillez contacter Jacqueline Vuillier-Devillers par le formulaire de la page Contact.<\/p>\n<\/div>\n<\/div><\/div>\n","protected":false},"excerpt":{"rendered":"<p>Mentions l\u00e9gales &amp; Confidentialit\u00e9 Mentions l\u00e9gales Directrice de la publication : Jacqueline Vuillier-DevillersRaison sociale : Jacqueline Vuillier-DevillersSi\u00e8ge social : 3, lieu dit Sous Charmont, 25380 ChameseyNum\u00e9ro de SIREN : 503996332 R\u00e9alisation : Studio Web EkloziaCr\u00e9dits Photo : \u00a9 Jacqueline Vuillier-Devillers H\u00e9bergeur : O2Switch, Chemin des Pardiaux, 63000 Clermont-Ferrand, Siret 510 909 80700032, RCS Clermont Ferrand. [&hellip;]<\/p>\n","protected":false},"author":1,"featured_media":0,"parent":0,"menu_order":0,"comment_status":"closed","ping_status":"open","template":"","meta":{"_uag_custom_page_level_css":"","site-sidebar-layout":"default","site-content-layout":"","ast-site-content-layout":"default","site-content-style":"default","site-sidebar-style":"default","ast-global-header-display":"","ast-banner-title-visibility":"","ast-main-header-display":"","ast-hfb-above-header-display":"","ast-hfb-below-header-display":"","ast-hfb-mobile-header-display":"","site-post-title":"disabled","ast-breadcrumbs-content":"","ast-featured-img":"","footer-sml-layout":"","theme-transparent-header-meta":"","adv-header-id-meta":"","stick-header-meta":"","header-above-stick-meta":"","header-main-stick-meta":"","header-below-stick-meta":"","astra-migrate-meta-layouts":"set","ast-page-background-enabled":"default","ast-page-background-meta":{"desktop":{"background-color":"","background-image":"","background-repeat":"repeat","background-position":"center center","background-size":"auto","background-attachment":"scroll","background-type":"","background-media":"","overlay-type":"","overlay-color":"","overlay-opacity":"","overlay-gradient":""},"tablet":{"background-color":"","background-image":"","background-repeat":"repeat","background-position":"center center","background-size":"auto","background-attachment":"scroll","background-type":"","background-media":"","overlay-type":"","overlay-color":"","overlay-opacity":"","overlay-gradient":""},"mobile":{"background-color":"","background-image":"","background-repeat":"repeat","background-position":"center center","background-size":"auto","background-attachment":"scroll","background-type":"","background-media":"","overlay-type":"","overlay-color":"","overlay-opacity":"","overlay-gradient":""}},"ast-content-background-meta":{"desktop":{"background-color":"var(--ast-global-color-5)","background-image":"","background-repeat":"repeat","background-position":"center center","background-size":"auto","background-attachment":"scroll","background-type":"","background-media":"","overlay-type":"","overlay-color":"","overlay-opacity":"","overlay-gradient":""},"tablet":{"background-color":"var(--ast-global-color-5)","background-image":"","background-repeat":"repeat","background-position":"center center","background-size":"auto","background-attachment":"scroll","background-type":"","background-media":"","overlay-type":"","overlay-color":"","overlay-opacity":"","overlay-gradient":""},"mobile":{"background-color":"var(--ast-global-color-5)","background-image":"","background-repeat":"repeat","background-position":"center center","background-size":"auto","background-attachment":"scroll","background-type":"","background-media":"","overlay-type":"","overlay-color":"","overlay-opacity":"","overlay-gradient":""}},"footnotes":""},"class_list":["post-3","page","type-page","status-publish","hentry"],"yoast_head":"<!-- This site is optimized with the Yoast SEO plugin v24.1 - https:\/\/yoast.com\/wordpress\/plugins\/seo\/ -->\n<title>Mentions l\u00e9gales et politique de confidentialit\u00e9 - Jacqueline Vuillier-Devillers<\/title>\n<meta name=\"robots\" content=\"noindex, follow, max-snippet:-1, max-image-preview:large, max-video-preview:-1\" \/>\n<meta property=\"og:locale\" content=\"fr_FR\" \/>\n<meta property=\"og:type\" content=\"article\" \/>\n<meta property=\"og:title\" content=\"Mentions l\u00e9gales et politique de confidentialit\u00e9 - Jacqueline Vuillier-Devillers\" \/>\n<meta property=\"og:description\" content=\"Mentions l\u00e9gales &amp; Confidentialit\u00e9 Mentions l\u00e9gales Directrice de la publication : Jacqueline Vuillier-DevillersRaison sociale : Jacqueline Vuillier-DevillersSi\u00e8ge social : 3, lieu dit Sous Charmont, 25380 ChameseyNum\u00e9ro de SIREN : 503996332 R\u00e9alisation : Studio Web EkloziaCr\u00e9dits Photo : \u00a9 Jacqueline Vuillier-Devillers H\u00e9bergeur : O2Switch, Chemin des Pardiaux, 63000 Clermont-Ferrand, Siret 510 909 80700032, RCS Clermont Ferrand. [&hellip;]\" \/>\n<meta property=\"og:url\" content=\"https:\/\/studio.eklozia.fr\/JVD\/mentions-legales-confidentialite\/\" \/>\n<meta property=\"og:site_name\" content=\"Jacqueline Vuillier-Devillers\" \/>\n<meta property=\"article:modified_time\" content=\"2024-12-20T14:03:26+00:00\" \/>\n<meta name=\"twitter:card\" content=\"summary_large_image\" \/>\n<meta name=\"twitter:label1\" content=\"Dur\u00e9e de lecture estim\u00e9e\" \/>\n\t<meta name=\"twitter:data1\" content=\"3 minutes\" \/>\n<script type=\"application\/ld+json\" class=\"yoast-schema-graph\">{\"@context\":\"https:\/\/schema.org\",\"@graph\":[{\"@type\":\"WebPage\",\"@id\":\"https:\/\/studio.eklozia.fr\/JVD\/mentions-legales-confidentialite\/\",\"url\":\"https:\/\/studio.eklozia.fr\/JVD\/mentions-legales-confidentialite\/\",\"name\":\"Mentions l\u00e9gales et politique de confidentialit\u00e9 - Jacqueline Vuillier-Devillers\",\"isPartOf\":{\"@id\":\"https:\/\/studio.eklozia.fr\/JVD\/#website\"},\"datePublished\":\"2024-06-11T10:00:27+00:00\",\"dateModified\":\"2024-12-20T14:03:26+00:00\",\"inLanguage\":\"fr-FR\",\"potentialAction\":[{\"@type\":\"ReadAction\",\"target\":[\"https:\/\/studio.eklozia.fr\/JVD\/mentions-legales-confidentialite\/\"]}]},{\"@type\":\"WebSite\",\"@id\":\"https:\/\/studio.eklozia.fr\/JVD\/#website\",\"url\":\"https:\/\/studio.eklozia.fr\/JVD\/\",\"name\":\"Jacqueline Vuillier-Devillers\",\"description\":\"\",\"potentialAction\":[{\"@type\":\"SearchAction\",\"target\":{\"@type\":\"EntryPoint\",\"urlTemplate\":\"https:\/\/studio.eklozia.fr\/JVD\/?s={search_term_string}\"},\"query-input\":{\"@type\":\"PropertyValueSpecification\",\"valueRequired\":true,\"valueName\":\"search_term_string\"}}],\"inLanguage\":\"fr-FR\"}]}<\/script>\n<!-- \/ Yoast SEO plugin. -->","yoast_head_json":{"title":"Mentions l\u00e9gales et politique de confidentialit\u00e9 - Jacqueline Vuillier-Devillers","robots":{"index":"noindex","follow":"follow","max-snippet":"max-snippet:-1","max-image-preview":"max-image-preview:large","max-video-preview":"max-video-preview:-1"},"og_locale":"fr_FR","og_type":"article","og_title":"Mentions l\u00e9gales et politique de confidentialit\u00e9 - Jacqueline Vuillier-Devillers","og_description":"Mentions l\u00e9gales &amp; Confidentialit\u00e9 Mentions l\u00e9gales Directrice de la publication : Jacqueline Vuillier-DevillersRaison sociale : Jacqueline Vuillier-DevillersSi\u00e8ge social : 3, lieu dit Sous Charmont, 25380 ChameseyNum\u00e9ro de SIREN : 503996332 R\u00e9alisation : Studio Web EkloziaCr\u00e9dits Photo : \u00a9 Jacqueline Vuillier-Devillers H\u00e9bergeur : O2Switch, Chemin des Pardiaux, 63000 Clermont-Ferrand, Siret 510 909 80700032, RCS Clermont Ferrand. [&hellip;]","og_url":"https:\/\/studio.eklozia.fr\/JVD\/mentions-legales-confidentialite\/","og_site_name":"Jacqueline Vuillier-Devillers","article_modified_time":"2024-12-20T14:03:26+00:00","twitter_card":"summary_large_image","twitter_misc":{"Dur\u00e9e de lecture estim\u00e9e":"3 minutes"},"schema":{"@context":"https:\/\/schema.org","@graph":[{"@type":"WebPage","@id":"https:\/\/studio.eklozia.fr\/JVD\/mentions-legales-confidentialite\/","url":"https:\/\/studio.eklozia.fr\/JVD\/mentions-legales-confidentialite\/","name":"Mentions l\u00e9gales et politique de confidentialit\u00e9 - Jacqueline Vuillier-Devillers","isPartOf":{"@id":"https:\/\/studio.eklozia.fr\/JVD\/#website"},"datePublished":"2024-06-11T10:00:27+00:00","dateModified":"2024-12-20T14:03:26+00:00","inLanguage":"fr-FR","potentialAction":[{"@type":"ReadAction","target":["https:\/\/studio.eklozia.fr\/JVD\/mentions-legales-confidentialite\/"]}]},{"@type":"WebSite","@id":"https:\/\/studio.eklozia.fr\/JVD\/#website","url":"https:\/\/studio.eklozia.fr\/JVD\/","name":"Jacqueline Vuillier-Devillers","description":"","potentialAction":[{"@type":"SearchAction","target":{"@type":"EntryPoint","urlTemplate":"https:\/\/studio.eklozia.fr\/JVD\/?s={search_term_string}"},"query-input":{"@type":"PropertyValueSpecification","valueRequired":true,"valueName":"search_term_string"}}],"inLanguage":"fr-FR"}]}},"uagb_featured_image_src":{"full":false,"thumbnail":false,"medium":false,"medium_large":false,"large":false,"1536x1536":false,"2048x2048":false},"uagb_author_info":{"display_name":"Lydie","author_link":"https:\/\/studio.eklozia.fr\/JVD\/author\/lydie\/"},"uagb_comment_info":0,"uagb_excerpt":"Mentions l\u00e9gales &amp; Confidentialit\u00e9 Mentions l\u00e9gales Directrice de la publication : Jacqueline Vuillier-DevillersRaison sociale : Jacqueline Vuillier-DevillersSi\u00e8ge social : 3, lieu dit Sous Charmont, 25380 ChameseyNum\u00e9ro de SIREN : 503996332 R\u00e9alisation : Studio Web EkloziaCr\u00e9dits Photo : \u00a9 Jacqueline Vuillier-Devillers H\u00e9bergeur : O2Switch, Chemin des Pardiaux, 63000 Clermont-Ferrand, Siret 510 909 80700032, RCS Clermont Ferrand.\u2026","_links":{"self":[{"href":"https:\/\/studio.eklozia.fr\/JVD\/wp-json\/wp\/v2\/pages\/3","targetHints":{"allow":["GET"]}}],"collection":[{"href":"https:\/\/studio.eklozia.fr\/JVD\/wp-json\/wp\/v2\/pages"}],"about":[{"href":"https:\/\/studio.eklozia.fr\/JVD\/wp-json\/wp\/v2\/types\/page"}],"author":[{"embeddable":true,"href":"https:\/\/studio.eklozia.fr\/JVD\/wp-json\/wp\/v2\/users\/1"}],"replies":[{"embeddable":true,"href":"https:\/\/studio.eklozia.fr\/JVD\/wp-json\/wp\/v2\/comments?post=3"}],"version-history":[{"count":16,"href":"https:\/\/studio.eklozia.fr\/JVD\/wp-json\/wp\/v2\/pages\/3\/revisions"}],"predecessor-version":[{"id":2389,"href":"https:\/\/studio.eklozia.fr\/JVD\/wp-json\/wp\/v2\/pages\/3\/revisions\/2389"}],"wp:attachment":[{"href":"https:\/\/studio.eklozia.fr\/JVD\/wp-json\/wp\/v2\/media?parent=3"}],"curies":[{"name":"wp","href":"https:\/\/api.w.org\/{rel}","templated":true}]}}