{"id":693,"date":"2024-09-23T15:24:24","date_gmt":"2024-09-23T15:24:24","guid":{"rendered":"https:\/\/studio.eklozia.fr\/JVD\/contact\/"},"modified":"2024-12-23T20:11:52","modified_gmt":"2024-12-23T20:11:52","slug":"contact","status":"publish","type":"page","link":"https:\/\/studio.eklozia.fr\/JVD\/contact\/","title":{"rendered":"Contact"},"content":{"rendered":"\n<div class=\"wp-block-uagb-container uagb-block-14545ead alignfull uagb-is-root-container\"><div class=\"uagb-container-inner-blocks-wrap\">\n<div class=\"wp-block-uagb-advanced-heading uagb-block-5d39054e\"><h2 class=\"uagb-heading-text\">Contact<\/h2><\/div>\n<\/div><\/div>\n\n\n\n<div class=\"wp-block-uagb-container uagb-block-5e0e14ad alignfull uagb-is-root-container\"><div class=\"uagb-container-inner-blocks-wrap\">\n<div class=\"wp-block-uagb-advanced-heading uagb-block-6dec7a58\"><h3 class=\"uagb-heading-text\">Envoyer un message<\/h3><\/div>\n<\/div><\/div>\n\n\n\n<div class=\"wp-block-uagb-container uagb-block-fcf7c30e alignfull uagb-is-root-container\"><div class=\"uagb-container-inner-blocks-wrap\">\n<div class=\"wp-block-uagb-container uagb-block-2b42d93b\">\n<div class=\"wp-block-uagb-forms uagb-forms__outer-wrap uagb-block-1b1e1cf7 uagb-forms__medium-btn\"><form class=\"uagb-forms-main-form\" method=\"post\" autocomplete=\"on\" name=\"uagb-form-1b1e1cf7\">\n<div class=\"wp-block-uagb-forms-name uagb-forms-name-wrap uagb-forms-field-set uagb-block-b9ae5e9c\"><div class=\"uagb-forms-name-label required uagb-forms-input-label\" id=\"b9ae5e9c\">Name<\/div><input type=\"text\" placeholder=\"Pr\u00e9nom *\" required class=\"uagb-forms-name-input uagb-forms-input\" name=\"b9ae5e9c\" autocomplete=\"given-name\"\/><\/div>\n\n\n\n<div class=\"wp-block-uagb-forms-name uagb-forms-name-wrap uagb-forms-field-set uagb-block-38993ebf\"><div class=\"uagb-forms-name-label required uagb-forms-input-label\" id=\"38993ebf\">First Name<\/div><input type=\"text\" placeholder=\"Nom *\" required class=\"uagb-forms-name-input uagb-forms-input\" name=\"38993ebf\" autocomplete=\"given-name\"\/><\/div>\n\n\n\n<div class=\"wp-block-uagb-forms-email uagb-forms-email-wrap uagb-forms-field-set uagb-block-e9ee1a2a\"><div class=\"uagb-forms-email-label required uagb-forms-input-label\" id=\"e9ee1a2a\">Email<\/div><input type=\"email\" class=\"uagb-forms-email-input uagb-forms-input\" placeholder=\"Email *\" required name=\"e9ee1a2a\" autocomplete=\"email\"\/><\/div>\n\n\n\n<div class=\"wp-block-uagb-forms-name uagb-forms-name-wrap uagb-forms-field-set uagb-block-ee5e8954\"><div class=\"uagb-forms-name-label required uagb-forms-input-label\" id=\"ee5e8954\">Last Name<\/div><input type=\"text\" placeholder=\"Objet *\" required class=\"uagb-forms-name-input uagb-forms-input\" name=\"ee5e8954\" autocomplete=\"family-name\"\/><\/div>\n\n\n\n<div class=\"wp-block-uagb-forms-textarea uagb-forms-textarea-wrap uagb-forms-field-set uagb-block-62715d16\"><div class=\"uagb-forms-textarea-label required uagb-forms-input-label\" id=\"62715d16\">Message<\/div><textarea required class=\"uagb-forms-textarea-input uagb-forms-input\" rows=\"4\" placeholder=\"Message *\" name=\"62715d16\" autocomplete=\"off\"><\/textarea><\/div>\n\n\n\n<div class=\"wp-block-uagb-forms-accept uagb-forms-accept-wrap uagb-forms-field-set uagb-block-1c6b5a08 confidentialite\"><div class=\"uagb-forms-accept-privacy-link\"><a href=\"https:\/\/studio.eklozia.fr\/JVD\/mentions-legales-confidentialite\/\" target=\"_blank\" rel=\"noopener noreferrer\">Politique de confidentialit\u00e9<\/a><\/div><input type=\"checkbox\" name=\"1c6b5a08\" required value=\"Agree\" class=\"uagb-forms-checkbox\" id=\"uagb-forms-accept-1c6b5a08\"\/><label name=\"1c6b5a08\" for=\"uagb-forms-accept-1c6b5a08\" class=\"uagb-forms-accept-label required\" id=\"1c6b5a08\">En soumettant ce formulaire, j\u2019accepte que les informations saisies dans celui-ci soient utilis\u00e9es pour permettre de me contacter, afin de r\u00e9pondre \u00e0 ma demande, puis dans le cadre de l\u2019\u00e9ventuelle relation commerciale qui s\u2019ensuivra. J&rsquo;accepte \u00e9galement la Politique de confidentialit\u00e9 consultable ci-dessus.<\/label><br\/><\/div>\n<div class=\"uagb-forms-form-hidden-data\"><input type=\"hidden\" class=\"uagb_forms_form_label\" value=\"Spectra Form\"\/><input type=\"hidden\" class=\"uagb_forms_form_id\" value=\"uagb-form-1b1e1cf7\"\/><\/div><div class=\"uagb-form-reacaptcha-error-1b1e1cf7\"><\/div><div class=\"uagb-forms-main-submit-button-wrap wp-block-button\"><button class=\"uagb-forms-main-submit-button ast-outline-button\" style=\"border-width:revert-layer\"><div class=\"uagb-forms-main-submit-button-text\">Envoyer<\/div><\/button><\/div><\/form><div class=\"uagb-forms-success-message-1b1e1cf7 uagb-forms-submit-message-hide\"><span>Merci !\nVotre message a bien \u00e9t\u00e9 envoy\u00e9.<\/span><\/div><div class=\"uagb-forms-failed-message-1b1e1cf7 uagb-forms-submit-message-hide\"><span>Votre message n&rsquo;a pas \u00e9t\u00e9 envoy\u00e9, il y a eu une erreur.\nMerci de recommencer !<\/span><\/div><\/div>\n<\/div>\n\n\n\n<div class=\"wp-block-uagb-image uagb-block-8ca80616 wp-block-uagb-image--layout-default wp-block-uagb-image--effect-static wp-block-uagb-image--align-none\"><figure class=\"wp-block-uagb-image__figure\"><img decoding=\"async\" srcset=\"https:\/\/studio.eklozia.fr\/JVD\/wp-content\/uploads\/2024\/09\/Capture-decran-2021-08-01-a-13.41.50-1024x777.jpg ,https:\/\/studio.eklozia.fr\/JVD\/wp-content\/uploads\/2024\/09\/Capture-decran-2021-08-01-a-13.41.50.jpg 780w, https:\/\/studio.eklozia.fr\/JVD\/wp-content\/uploads\/2024\/09\/Capture-decran-2021-08-01-a-13.41.50.jpg 360w\" sizes=\"auto, (max-width: 480px) 150px\" src=\"https:\/\/studio.eklozia.fr\/JVD\/wp-content\/uploads\/2024\/09\/Capture-decran-2021-08-01-a-13.41.50-1024x777.jpg\" alt=\"\" class=\"uag-image-1808\" width=\"1024\" height=\"480\" title=\"Capture d\u2019\u00e9cran 2021-08-01 \u00e0 13.41.50\" loading=\"lazy\" role=\"img\"\/><\/figure><\/div>\n<\/div><\/div>\n\n\n\n<div class=\"wp-block-uagb-container uagb-block-666653f6 alignfull uagb-is-root-container\"><div class=\"uagb-container-inner-blocks-wrap\">\n<div class=\"wp-block-uagb-container uagb-block-d9b506e3\">\n<div class=\"wp-block-uagb-advanced-heading uagb-block-9d5a306b\"><h5 class=\"uagb-heading-text\">Inscrivez-vous \u00e0 ma liste de diffusion<\/h5><\/div>\n\n\n\n\t\t\t<form id=\"sib_signup_form_1\" method=\"post\" class=\"sib_signup_form\">\n\t\t\t\t<div class=\"sib_loader\" style=\"display:none;\"><img\n\t\t\t\t\t\t\tsrc=\"https:\/\/studio.eklozia.fr\/JVD\/wp-includes\/images\/spinner.gif\" alt=\"loader\"><\/div>\n\t\t\t\t<input type=\"hidden\" name=\"sib_form_action\" value=\"subscribe_form_submit\">\n\t\t\t\t<input type=\"hidden\" name=\"sib_form_id\" value=\"1\">\n                <input type=\"hidden\" name=\"sib_form_alert_notice\" value=\"Merci de remplir ce champ.\">\n                <input type=\"hidden\" name=\"sib_form_invalid_email_notice\" value=\"Votre adresse email est invalide.\">\n                <input type=\"hidden\" name=\"sib_security\" value=\"01111825b4\">\n\t\t\t\t<div class=\"sib_signup_box_inside_1\">\n\t\t\t\t\t<div style=\"\/*display:none*\/\" class=\"sib_msg_disp\">\n\t\t\t\t\t<\/div>\n                    \t\t\t\t\t<div class=\"newsletter\">\r\n<p class=\"sib-NAME-area\">\r\n<input type=\"text\" class=\"sib-NAME-area\" name=\"NAME\" required=\"required\" placeholder=\"Nom*\">\r\n<\/p>\r\n<p class=\"sib-FIRSTNAME-area\">\r\n<input type=\"text\" class=\"sib-FIRSTNAME-area\" name=\"FIRSTNAME\" required=\"required\" placeholder=\"Pr\u00e9nom*\">\r\n<\/p>\r\n<p class=\"sib-email-area\">\r\n<input type=\"email\" class=\"sib-email-area\" name=\"email\" required=\"required\" placeholder=\"Mail*\">\r\n<\/p>\r\n\r\n<p>\r\n    <input type=\"submit\" class=\"sib-default-btn\" value=\"S'inscrire\">\r\n<\/p>\r\n<\/div>\t\t\t\t<\/div>\n\t\t\t<\/form>\n\t\t\t<style>\n\t\t\t\tform#sib_signup_form_1 p.sib-alert-message {\n    padding: 6px 12px;\n    margin-bottom: 20px;\n    border: 1px solid transparent;\n    border-radius: 4px;\n    -webkit-box-sizing: border-box;\n    -moz-box-sizing: border-box;\n    box-sizing: border-box;\n}\nform#sib_signup_form_1 p.sib-alert-message-error {\n    background-color: #f2dede;\n    border-color: #ebccd1;\n    color: #a94442;\n}\nform#sib_signup_form_1 p.sib-alert-message-success {\n    background-color: #dff0d8;\n    border-color: #d6e9c6;\n    color: #3c763d;\n}\nform#sib_signup_form_1 p.sib-alert-message-warning {\n    background-color: #fcf8e3;\n    border-color: #faebcc;\n    color: #8a6d3b;\n}\n\t\t\t<\/style>\n\t\t\t\n<\/div>\n<\/div><\/div>\n","protected":false},"excerpt":{"rendered":"<p>Contact Envoyer un message<\/p>\n","protected":false},"author":1,"featured_media":0,"parent":0,"menu_order":0,"comment_status":"closed","ping_status":"closed","template":"","meta":{"_uag_custom_page_level_css":"","site-sidebar-layout":"no-sidebar","site-content-layout":"plain-container","ast-site-content-layout":"normal-width-container","site-content-style":"unboxed","site-sidebar-style":"unboxed","ast-global-header-display":"","ast-banner-title-visibility":"","ast-main-header-display":"","ast-hfb-above-header-display":"","ast-hfb-below-header-display":"","ast-hfb-mobile-header-display":"","site-post-title":"disabled","ast-breadcrumbs-content":"","ast-featured-img":"disabled","footer-sml-layout":"","theme-transparent-header-meta":"enabled","adv-header-id-meta":"","stick-header-meta":"","header-above-stick-meta":"","header-main-stick-meta":"","header-below-stick-meta":"","astra-migrate-meta-layouts":"set","ast-page-background-enabled":"default","ast-page-background-meta":{"desktop":{"background-color":"","background-image":"","background-repeat":"repeat","background-position":"center center","background-size":"auto","background-attachment":"scroll","background-type":"","background-media":"","overlay-type":"","overlay-color":"","overlay-opacity":"","overlay-gradient":""},"tablet":{"background-color":"","background-image":"","background-repeat":"repeat","background-position":"center center","background-size":"auto","background-attachment":"scroll","background-type":"","background-media":"","overlay-type":"","overlay-color":"","overlay-opacity":"","overlay-gradient":""},"mobile":{"background-color":"","background-image":"","background-repeat":"repeat","background-position":"center center","background-size":"auto","background-attachment":"scroll","background-type":"","background-media":"","overlay-type":"","overlay-color":"","overlay-opacity":"","overlay-gradient":""}},"ast-content-background-meta":{"desktop":{"background-color":"var(--ast-global-color-5)","background-image":"","background-repeat":"repeat","background-position":"center center","background-size":"auto","background-attachment":"scroll","background-type":"","background-media":"","overlay-type":"","overlay-color":"","overlay-opacity":"","overlay-gradient":""},"tablet":{"background-color":"var(--ast-global-color-5)","background-image":"","background-repeat":"repeat","background-position":"center center","background-size":"auto","background-attachment":"scroll","background-type":"","background-media":"","overlay-type":"","overlay-color":"","overlay-opacity":"","overlay-gradient":""},"mobile":{"background-color":"var(--ast-global-color-5)","background-image":"","background-repeat":"repeat","background-position":"center center","background-size":"auto","background-attachment":"scroll","background-type":"","background-media":"","overlay-type":"","overlay-color":"","overlay-opacity":"","overlay-gradient":""}},"footnotes":""},"class_list":["post-693","page","type-page","status-publish","hentry"],"yoast_head":"<!-- This site is optimized with the Yoast SEO plugin v24.1 - https:\/\/yoast.com\/wordpress\/plugins\/seo\/ -->\n<title>Contact - Jacqueline Vuillier-Devillers<\/title>\n<meta name=\"robots\" content=\"noindex, follow, max-snippet:-1, max-image-preview:large, max-video-preview:-1\" \/>\n<meta property=\"og:locale\" content=\"fr_FR\" \/>\n<meta property=\"og:type\" content=\"article\" \/>\n<meta property=\"og:title\" content=\"Contact - Jacqueline Vuillier-Devillers\" \/>\n<meta property=\"og:description\" content=\"Contact Envoyer un message\" \/>\n<meta property=\"og:url\" content=\"https:\/\/studio.eklozia.fr\/JVD\/contact\/\" \/>\n<meta property=\"og:site_name\" content=\"Jacqueline Vuillier-Devillers\" \/>\n<meta property=\"article:modified_time\" content=\"2024-12-23T20:11:52+00:00\" \/>\n<meta property=\"og:image\" content=\"https:\/\/studio.eklozia.fr\/JVD\/wp-content\/uploads\/2024\/09\/Capture-decran-2021-08-01-a-13.41.50-1024x777.jpg\" \/>\n<meta name=\"twitter:card\" content=\"summary_large_image\" \/>\n<meta name=\"twitter:label1\" content=\"Dur\u00e9e de lecture estim\u00e9e\" \/>\n\t<meta name=\"twitter:data1\" content=\"1 minute\" \/>\n<script type=\"application\/ld+json\" class=\"yoast-schema-graph\">{\"@context\":\"https:\/\/schema.org\",\"@graph\":[{\"@type\":\"WebPage\",\"@id\":\"https:\/\/studio.eklozia.fr\/JVD\/contact\/\",\"url\":\"https:\/\/studio.eklozia.fr\/JVD\/contact\/\",\"name\":\"Contact - Jacqueline Vuillier-Devillers\",\"isPartOf\":{\"@id\":\"https:\/\/studio.eklozia.fr\/JVD\/#website\"},\"primaryImageOfPage\":{\"@id\":\"https:\/\/studio.eklozia.fr\/JVD\/contact\/#primaryimage\"},\"image\":{\"@id\":\"https:\/\/studio.eklozia.fr\/JVD\/contact\/#primaryimage\"},\"thumbnailUrl\":\"https:\/\/studio.eklozia.fr\/JVD\/wp-content\/uploads\/2024\/09\/Capture-decran-2021-08-01-a-13.41.50-1024x777.jpg\",\"datePublished\":\"2024-09-23T15:24:24+00:00\",\"dateModified\":\"2024-12-23T20:11:52+00:00\",\"inLanguage\":\"fr-FR\",\"potentialAction\":[{\"@type\":\"ReadAction\",\"target\":[\"https:\/\/studio.eklozia.fr\/JVD\/contact\/\"]}]},{\"@type\":\"ImageObject\",\"inLanguage\":\"fr-FR\",\"@id\":\"https:\/\/studio.eklozia.fr\/JVD\/contact\/#primaryimage\",\"url\":\"https:\/\/studio.eklozia.fr\/JVD\/wp-content\/uploads\/2024\/09\/Capture-decran-2021-08-01-a-13.41.50.jpg\",\"contentUrl\":\"https:\/\/studio.eklozia.fr\/JVD\/wp-content\/uploads\/2024\/09\/Capture-decran-2021-08-01-a-13.41.50.jpg\",\"width\":1370,\"height\":1040},{\"@type\":\"WebSite\",\"@id\":\"https:\/\/studio.eklozia.fr\/JVD\/#website\",\"url\":\"https:\/\/studio.eklozia.fr\/JVD\/\",\"name\":\"Jacqueline Vuillier-Devillers\",\"description\":\"\",\"potentialAction\":[{\"@type\":\"SearchAction\",\"target\":{\"@type\":\"EntryPoint\",\"urlTemplate\":\"https:\/\/studio.eklozia.fr\/JVD\/?s={search_term_string}\"},\"query-input\":{\"@type\":\"PropertyValueSpecification\",\"valueRequired\":true,\"valueName\":\"search_term_string\"}}],\"inLanguage\":\"fr-FR\"}]}<\/script>\n<!-- \/ Yoast SEO plugin. -->","yoast_head_json":{"title":"Contact - Jacqueline Vuillier-Devillers","robots":{"index":"noindex","follow":"follow","max-snippet":"max-snippet:-1","max-image-preview":"max-image-preview:large","max-video-preview":"max-video-preview:-1"},"og_locale":"fr_FR","og_type":"article","og_title":"Contact - Jacqueline Vuillier-Devillers","og_description":"Contact Envoyer un message","og_url":"https:\/\/studio.eklozia.fr\/JVD\/contact\/","og_site_name":"Jacqueline Vuillier-Devillers","article_modified_time":"2024-12-23T20:11:52+00:00","og_image":[{"url":"https:\/\/studio.eklozia.fr\/JVD\/wp-content\/uploads\/2024\/09\/Capture-decran-2021-08-01-a-13.41.50-1024x777.jpg","type":"","width":"","height":""}],"twitter_card":"summary_large_image","twitter_misc":{"Dur\u00e9e de lecture estim\u00e9e":"1 minute"},"schema":{"@context":"https:\/\/schema.org","@graph":[{"@type":"WebPage","@id":"https:\/\/studio.eklozia.fr\/JVD\/contact\/","url":"https:\/\/studio.eklozia.fr\/JVD\/contact\/","name":"Contact - Jacqueline Vuillier-Devillers","isPartOf":{"@id":"https:\/\/studio.eklozia.fr\/JVD\/#website"},"primaryImageOfPage":{"@id":"https:\/\/studio.eklozia.fr\/JVD\/contact\/#primaryimage"},"image":{"@id":"https:\/\/studio.eklozia.fr\/JVD\/contact\/#primaryimage"},"thumbnailUrl":"https:\/\/studio.eklozia.fr\/JVD\/wp-content\/uploads\/2024\/09\/Capture-decran-2021-08-01-a-13.41.50-1024x777.jpg","datePublished":"2024-09-23T15:24:24+00:00","dateModified":"2024-12-23T20:11:52+00:00","inLanguage":"fr-FR","potentialAction":[{"@type":"ReadAction","target":["https:\/\/studio.eklozia.fr\/JVD\/contact\/"]}]},{"@type":"ImageObject","inLanguage":"fr-FR","@id":"https:\/\/studio.eklozia.fr\/JVD\/contact\/#primaryimage","url":"https:\/\/studio.eklozia.fr\/JVD\/wp-content\/uploads\/2024\/09\/Capture-decran-2021-08-01-a-13.41.50.jpg","contentUrl":"https:\/\/studio.eklozia.fr\/JVD\/wp-content\/uploads\/2024\/09\/Capture-decran-2021-08-01-a-13.41.50.jpg","width":1370,"height":1040},{"@type":"WebSite","@id":"https:\/\/studio.eklozia.fr\/JVD\/#website","url":"https:\/\/studio.eklozia.fr\/JVD\/","name":"Jacqueline Vuillier-Devillers","description":"","potentialAction":[{"@type":"SearchAction","target":{"@type":"EntryPoint","urlTemplate":"https:\/\/studio.eklozia.fr\/JVD\/?s={search_term_string}"},"query-input":{"@type":"PropertyValueSpecification","valueRequired":true,"valueName":"search_term_string"}}],"inLanguage":"fr-FR"}]}},"uagb_featured_image_src":{"full":false,"thumbnail":false,"medium":false,"medium_large":false,"large":false,"1536x1536":false,"2048x2048":false},"uagb_author_info":{"display_name":"Lydie","author_link":"https:\/\/studio.eklozia.fr\/JVD\/author\/lydie\/"},"uagb_comment_info":0,"uagb_excerpt":"Contact Envoyer un message","_links":{"self":[{"href":"https:\/\/studio.eklozia.fr\/JVD\/wp-json\/wp\/v2\/pages\/693","targetHints":{"allow":["GET"]}}],"collection":[{"href":"https:\/\/studio.eklozia.fr\/JVD\/wp-json\/wp\/v2\/pages"}],"about":[{"href":"https:\/\/studio.eklozia.fr\/JVD\/wp-json\/wp\/v2\/types\/page"}],"author":[{"embeddable":true,"href":"https:\/\/studio.eklozia.fr\/JVD\/wp-json\/wp\/v2\/users\/1"}],"replies":[{"embeddable":true,"href":"https:\/\/studio.eklozia.fr\/JVD\/wp-json\/wp\/v2\/comments?post=693"}],"version-history":[{"count":24,"href":"https:\/\/studio.eklozia.fr\/JVD\/wp-json\/wp\/v2\/pages\/693\/revisions"}],"predecessor-version":[{"id":2405,"href":"https:\/\/studio.eklozia.fr\/JVD\/wp-json\/wp\/v2\/pages\/693\/revisions\/2405"}],"wp:attachment":[{"href":"https:\/\/studio.eklozia.fr\/JVD\/wp-json\/wp\/v2\/media?parent=693"}],"curies":[{"name":"wp","href":"https:\/\/api.w.org\/{rel}","templated":true}]}}